{"id":1332,"date":"2023-08-30T12:10:30","date_gmt":"2023-08-30T09:10:30","guid":{"rendered":"https:\/\/chirie-auto.com\/?page_id=1332"},"modified":"2023-08-30T12:10:30","modified_gmt":"2023-08-30T09:10:30","slug":"conditiile-de-confidentialitate","status":"publish","type":"page","link":"https:\/\/chirie-auto.com\/ro\/conditiile-de-confidentialitate\/","title":{"rendered":"Conditiile de Confidentialitate"},"content":{"rendered":"<p>Website procatautonord.md poate colecta, procesa si\/sau utiliza informatiile furnizate de Dvs. in scopul procesarii solicitarii Dvs.<\/p>\n<p>Completarea formularelor pe site echivaleaza cu acceptarea neconditionata ca aceste date sa fie prelucrate de afiliatii si colaboratorii pentru desfasurarea activitatilor enumerate mai sus, inclusiv, dar nelimitandu-se la furnizori, curierat, servicii de plata \/ bancare, dupa cum urmeaza:<\/p>\n<p>validarea, evolutia si starea solicitarilor plasate de Dvs.;<br \/>\nfacturarea produselor comandate;<br \/>\nasigurarea livrarii produselor comandate;<\/p>\n<p>Vor fi prelucrate urm\u0103toarele categorii de date cu caracter personal: numele \u015fi prenumele; telefon mobil; adresa (domiciliului\/re\u0219edin\u021bei);<\/p>\n<p>Istoricul solicit\u0103rilor din panoul de administrare se p\u0103streaz\u0103 pe un termen de 14 zile, dup\u0103 care se \u0219terge automat.<\/p>\n<p>Cu ajutorul Cookie-lor vor fi inregistrate urmatoarele date: forma anonimizata a adresei IP a calculatorului; data si ora accesarii; numele paginii; ID sesiune; URL de referin\u021b\u0103 (de la care ati venit pe pagina noastra Web); cantitatea de date transmise; produsul \u0219i informa\u021biile versiunii Browser-ului folosit; sistemul de operare folosit de utilizator.<\/p>\n<p>Conform prevederilor Legii nr. 133 din 08.07.2011 privind protectia datelor cu caracter personal, procatautonord.md garanteaza o protectie maxima a datelor personale ale clientilor impotriva distrugerii, modificarii, blocarii, copierii, raspindirii, precum si asupra altor actiuni ilicite de natura sa aduca atingere drepturilor acestora.<\/p>\n<p>Astfel, procatautonord.md prelucreaza in conditii de siguranta si numai pentru scopurile specificate datele personale furnizate de utilizatori.<\/p>\n<p>Cump\u0103r\u0103torii beneficiaza de drepturile prevazute de Legea nr. 133 din 08.07.2011 privind protectia datelor cu caracter personal, respectiv, dreptul de informare, dreptul de acces la date, dreptul de interventie, dreptul de opozitie, dreptul de a nu fi supus unei decizii individuale, dreptul de se adresa justitiei in caz de incalcare a drepturilor sale.<\/p>\n<p>Cump\u0103r\u0103torii au dreptul de a solicita stergerea totala sau partiala a datelor cu caracter personal, cit si dezactivarea (stergerea) contului de utilizator. Clientul poate solicita oricare dintre drepturile enumerate mai sus in baza unei cereri scrise, semnate si datate, pe posta electronica info@chirie-auto.com.<\/p>\n<p>Refuzul furnizarii acestor date determina imposibilitatea onorarii Comenzilor.<\/p>\n<p>Noi utilizam instrumente si tehnici de securitate, dar si politici interne aplicabile angajatilor pentru a proteja datele furnizate de Dvs. si care pot sau nu sa va identifice direct sau indirect.<\/p>\n<p>***<\/p>\n<p>Politica de utilizare cookie-uri<\/p>\n<p>Website procatautonord.md utilizeaza Cookie<\/p>\n<p>Ce inseamna Cookie-urile<br \/>\nCookie este un fisier de dimensiuni relativ mici, format din cifre si litere, care va fi stocat pe computer, telefonul mobil sau alte echipamente prin intermediul carora, utilizatorul acceseaza internetul. Se instaleaza cookie-ul la solicitarea emisa de catre dispozitivul utilizatorului catre un server.<\/p>\n<p>Pentru ce servesc cookie-urile<br \/>\nFisierele cookie, ajuta la recunoasterea dispozitivului utilizatorului si permite posibilitatea prezentarii acestuia, unui continut mai relevant, adaptate dupa preferintele acestuia. Acestea ne ajuta sa asiguram o experienta de navigare mai placuta utilizatorului si sustin eforturile forsaj-auto.md pentru oferirea serviciilor mai adaptate. La fel acestea ne ajuta sa pregatim unele statistici anonime, care ne ajuta usor sa intelegem cum beneficiaza utilizatorul de paginile noastre de internet, lucru ce ne permite sa imbunatatim continutul si structura acestora..<\/p>\n<p>Ce tipuri de cookie-uri folosim<br \/>\nUtilizam 2 tipuri de cookie-uri: fixe si per sesiune. Cele de tip fixe, ramin pe dispozitivul utilizatorului pe o perioada determinata de parametric sau pina sunt sterse manual. Cookie-urilor per sesiune, ramin in terminalul utilizatorului pina la finisarea sesiunii sau inchiderea aplicatiei.<\/p>\n<p>Cum foloseste cookie-urile acest site<br \/>\nVizita pe site poate plasa urmatoarele tipuri de cookie:<br \/>\nCookie strict necesar pentru functionarea site-ului;<br \/>\nCookie pentru analiza;<\/p>\n<p>Cookie de inregistrare;<br \/>\nCookie pentru publicitate.<\/p>\n<p>Cookie-urile contin date personale<br \/>\nCookie-urile nu contin in sine informatii cu caracter personal, si cel mai des nici nu identifica personal utilizatorii de internet. Desigur sunt cazuri cind datele personale pot fi colectate prin intermediul cookie-urilor, pentru a facilita o experienta mai buna, adaptata dupa preferintele sale. Aceste date sunt securizate intr-un mod care face imposibil accesul persoanelor neautorizate.<\/p>\n<p>Consecintele blocarii cookie-uri<br \/>\nIn cazul in care doriti sa blocati cookie-urile, unele functionalitati ale site-ului vor fi oprite, iar acest lucru poate genera anumite disfunctionalitati sau erori in folosirea site-ului nostru. De exemplu, blocarea cookie-urilor va poate impiedica sa:<br \/>\nCumparati online;<br \/>\nVa autentificati in contul dumneavoastra.<\/p>\n<p>Securitate si aspecte legate de confidentialitate<br \/>\nIn general browserele au integrate setari de confidentialitate care furnizeaza diferite niveluri de acceptare a cookie-urilor, perioada de valabilitate si stergere automata dupa ce utilizatorul a vizitat un anumit site.<\/p>\n<p>***<\/p>\n<p>Detalii de contact<\/p>\n<p>Pentru informa\u021bii suplimentare sau pentru a v\u0103 exercita drepturile, v\u0103 rug\u0103m s\u0103 lua\u021bi leg\u0103tura \u00een orice moment cu departamentul nostru suport la num\u0103rul 0796 14 077.<\/p>\n<p>Ne rezerv\u0103m dreptul de a introduce modific\u0103ri \u0219i (sau) complet\u0103ri \u00een con\u021binutul prezentei Politici, \u00een rezultatul schimb\u0103rii site-ului. Din acest motiv, recomand\u0103m verificarea informa\u021biei actualizate pe site-ul nostru.<\/p>\n","protected":false},"excerpt":{"rendered":"<p>Website procatautonord.md poate colecta, procesa si\/sau utiliza informatiile furnizate de Dvs. in scopul procesarii solicitarii Dvs. Completarea formularelor pe site echivaleaza cu acceptarea neconditionata ca aceste date sa fie prelucrate de afiliatii si colaboratorii pentru desfasurarea activitatilor enumerate mai sus, inclusiv, dar nelimitandu-se la furnizori, curierat, servicii de plata \/ bancare, dupa cum urmeaza: validarea, [&hellip;]<\/p>\n","protected":false},"author":1,"featured_media":0,"parent":0,"menu_order":0,"comment_status":"closed","ping_status":"closed","template":"","meta":{"footnotes":""},"class_list":["post-1332","page","type-page","status-publish","hentry"],"aioseo_notices":[],"_links":{"self":[{"href":"https:\/\/chirie-auto.com\/ro\/wp-json\/wp\/v2\/pages\/1332","targetHints":{"allow":["GET"]}}],"collection":[{"href":"https:\/\/chirie-auto.com\/ro\/wp-json\/wp\/v2\/pages"}],"about":[{"href":"https:\/\/chirie-auto.com\/ro\/wp-json\/wp\/v2\/types\/page"}],"author":[{"embeddable":true,"href":"https:\/\/chirie-auto.com\/ro\/wp-json\/wp\/v2\/users\/1"}],"replies":[{"embeddable":true,"href":"https:\/\/chirie-auto.com\/ro\/wp-json\/wp\/v2\/comments?post=1332"}],"version-history":[{"count":1,"href":"https:\/\/chirie-auto.com\/ro\/wp-json\/wp\/v2\/pages\/1332\/revisions"}],"predecessor-version":[{"id":1333,"href":"https:\/\/chirie-auto.com\/ro\/wp-json\/wp\/v2\/pages\/1332\/revisions\/1333"}],"wp:attachment":[{"href":"https:\/\/chirie-auto.com\/ro\/wp-json\/wp\/v2\/media?parent=1332"}],"curies":[{"name":"wp","href":"https:\/\/api.w.org\/{rel}","templated":true}]}}